{"id":20,"date":"2022-09-29T16:01:54","date_gmt":"2022-09-29T14:01:54","guid":{"rendered":"https:\/\/isfp.cz\/2025\/?page_id=20"},"modified":"2025-06-16T15:41:58","modified_gmt":"2025-06-16T13:41:58","slug":"symposium","status":"publish","type":"page","link":"https:\/\/isfp.cz\/2025\/en\/symposium\/","title":{"rendered":"ISFP 2025 Symposium"},"content":{"rendered":"<h6><b>International Shakuhachi Festival Prague 2025 Symposium<\/b><\/h6>\n<h6><b>Organized by NEIRO Association for Expanding Arts in cooperation with the Music Theory Department, Music and Dance Faculty of the Academy of Performing Arts in Prague<\/b><\/h6>\n<p><strong>One-day conference<\/strong><\/p>\n<p><strong>June 19th, 2025<\/strong><\/p>\n<p><strong>Academy of Performing Arts Prague, The Czech Republic<\/strong><\/p>\n<p>&nbsp;<\/p>\n<h5>MUSIC, THERAPY, MEDITATION, SPIRITUALITY<\/h5>\n<p><span style=\"font-weight: 400\">Music has been associated with magic, healing, prayer, shamanic practices, meditation, trance, invocation of spirits and other phenomena since the prehistory of mankind. The approach to music as a purely artistic product and as a means of entertainment, relaxation, or aesthetic enjoyment is a relatively young phenomenon and is rather a privilege of Euro-American culture of the last few centuries.\u00a0<\/span><\/p>\n<p><span style=\"font-weight: 400\">Countless examples of the targeted therapeutic use of music can be found in various traditions around the world. To name a few: ancient Greece, various African-American cults, shamanic practices, the healing trance rituals of the Z\u00e1r (Ethiopia) or Gnawa (Morocco), etc. The field of music therapy has achieved considerable development in recent decades, both at the institutional level (within various institutes, hospitals, etc.) and in the form of individual sessions. There is extensive new research in this field, with new emerging methods using different musical instruments or voice. The self-therapeutic effects of voice work, drumming and the combination of music and movement are also well known and popular.<\/span><\/p>\n<p><span style=\"font-weight: 400\">The traditions of sacred music have been maintained for centuries\/millennia in virtually all world religions and cults, in many forms and styles. However, the evolution of sacred music has not stopped, and in the context of globalization, various traditional expressions are being transferred across the globe to other settings, thus changing both their structure and their purpose and effect. A case in point is the use of overtone singing in the West, brought from Central Asia (especially Tuva and Mongolia), where it is used in secular folk music. In the Western world, however, a new style of spiritual or meditation music has emerged based on this technique (for example the work of David Hykes). Another very distinctive phenomenon is the globalized singing of Indian mantras, which have spread all over the world and are mostly sung in Western adaptation with guitar chordal accompaniment, sometimes in connection with electronic dance music, etc.<\/span><\/p>\n<p><span style=\"font-weight: 400\">In the tradition of the Japanese shakuhachi playing it is said \u201cichi-on-jo-butsu\u201d, in a single tone &#8211; a Buddha. The combination of breath and sound, produced either by voice or wind instruments are widely used in various practices, both in Europe and Asia (i.e. shakuhachi playing as part of spiritual practice both in private and in monasteries as a communal practice).\u00a0\u00a0<\/span><\/p>\n<p><span style=\"font-weight: 400\">The effect of music and sound on humans is continuously the subject of a wide range of research, reflections and theories. We ask, for example:\u00a0<\/span><\/p>\n<ul>\n<li style=\"font-weight: 400\"><span style=\"font-weight: 400\">What are the mechanisms of the therapeutic influence of music on humans? What do current neuro-scientific theories have to say about this?<\/span><\/li>\n<li style=\"font-weight: 400\"><span style=\"font-weight: 400\">What role does music play in different spiritual traditions? What new musical-spiritual phenomena are emerging nowadays?\u00a0<\/span><\/li>\n<li style=\"font-weight: 400\"><span style=\"font-weight: 400\">What new techniques and approaches does contemporary music therapy bring us? What is the importance of the choice of particular musical instruments or vocal techniques?<\/span><\/li>\n<\/ul>\n<p><span style=\"font-weight: 400\">These and many other questions are intended to be shared at the ISFP 2025 symposium.conference. We invite music theorists, psychologists, composers, music therapists or performers who have something to say on this topic to submit proposals for their 20-minute presentations, which will then be followed by a 10-minute discussion. If necessary, the presentation can be extended with a musical demonstration of maximum 10 minutes. Abstracts must not exceed 300 words.<\/span><\/p>\n<h3><b>About International Shakuhachi Festival Prague<\/b><\/h3>\n<p><span style=\"font-weight: 400\">The International Shakuhachi Festival Prague 2025 (ISFP 2025, www.isfp.cz), June 19th to June 23rd, is an event dedicated to cultural and artistic exchange between Japanese and European contemporary music. Over the thirteen years of its existence, it has become an important artistic, networking and educational platform for musicians, composers, scholars and artists. Its long-term goal is to expand its audience perception for sound.<\/span><\/p>\n<p><span style=\"font-weight: 400\">Selected papers with topics falling within the scope of musicology, artistic research, ethnomusicology, organology and music theory will be published upon peer review in \u017div\u00e1 Hudba\/Living Music Review, the journal of the Music and Dance Faculty of the Academy of Performing Arts in Prague.<\/span><\/p>\n<p><span style=\"font-weight: 400\">Written papers, however, are not mandatory for the symposium presentations.<\/span><\/p>\n<p><span style=\"font-weight: 400\">This symposium will be conducted in English and selcted contributions will be recorded and made available online.<\/span><\/p>\n<h3><b>Symposium Committee<\/b><\/h3>\n<ul>\n<li style=\"font-weight: 400\"><b>Ing. MgA. Tom\u00e1\u0161 Reindl, Ph.D<\/b><span style=\"font-weight: 400\">., Department of Music Theory, Music and Dance Faculty of the Academy of Performing Arts in Prague<\/span><\/li>\n<li style=\"font-weight: 400\"><b>Mgr. Anna Neuwirthov\u00e1, Ph.D.<\/b><span style=\"font-weight: 400\">, Faculty of Arts, University of Ostrava, <\/span><span style=\"font-weight: 400\">Member of the Board of the Czech Music Therapy Association (CZMTA)<\/span><span style=\"font-weight: 400\"> and <\/span><span style=\"font-weight: 400\">Representative of CZMTA in the World Federation of Music Therapy (WFMT)<\/span><\/li>\n<li style=\"font-weight: 400\"><b>Anna Matvija M.A.<\/b><span style=\"font-weight: 400\">, NEIRO Association for Expanding Arts<\/span><\/li>\n<\/ul>\n<h3><b>Symposium Addresses<\/b><\/h3>\n<p><b>Symposium website: <\/b><span style=\"font-weight: 400\">https:\/\/isfp.cz\/2025\/en\/symposium\/<\/span><\/p>\n<p><b>Symposium email address:<\/b> <span style=\"font-weight: 400\">anna@neiro.org<\/span><\/p>\n<p><b>Symposium venue:<\/b><b><br \/>\n<\/b><span style=\"font-weight: 400\">Music and Dance Faculty of the Academy of Performing Arts in Prague (HAMU) Orchestral Hall<br \/>\n<\/span><span style=\"font-weight: 400\">Malostransk\u00e9 n\u00e1m\u011bst\u00ed 258\/13<\/span><span style=\"font-weight: 400\"><br \/>\n<\/span><span style=\"font-weight: 400\">118 00 Prague 1<\/span><span style=\"font-weight: 400\"><br \/>\n<\/span><span style=\"font-weight: 400\">Czech Republic<\/span><\/p>\n<p><b>Mailing address<\/b><i><span style=\"font-weight: 400\"> (not the symposium venue)<\/span><\/i><b>:<\/b><b><br \/>\n<\/b><span style=\"font-weight: 400\">NEIRO Association for Expanding Arts z.s.<\/span><span style=\"font-weight: 400\"><br \/>\n<\/span><span style=\"font-weight: 400\">Holandsk\u00e1 1050\/48<\/span><span style=\"font-weight: 400\"><br \/>\n<\/span><span style=\"font-weight: 400\">101 00 Praha 10 \u2013 Vr\u0161ovice<\/span><span style=\"font-weight: 400\"><br \/>\n<\/span><span style=\"font-weight: 400\">Czech Republic<\/span><\/p>\n<h5><\/h5>\n","protected":false},"excerpt":{"rendered":"<p>International Shakuhachi Festival Prague 2025 Symposium Organized by NEIRO Association for Expanding Arts in cooperation with the Music Theory Department, Music and Dance Faculty of the Academy of Performing Arts in Prague One-day conference June 19th, 2025 Academy of Performing Arts Prague, The Czech Republic &nbsp; MUSIC, THERAPY, MEDITATION, SPIRITUALITY Music has been associated with&#8230;<\/p>\n","protected":false},"author":1,"featured_media":1567,"parent":0,"menu_order":0,"comment_status":"closed","ping_status":"closed","template":"","meta":{"inline_featured_image":false,"_wp_rev_ctl_limit":""},"_links":{"self":[{"href":"https:\/\/isfp.cz\/2025\/en\/wp-json\/wp\/v2\/pages\/20"}],"collection":[{"href":"https:\/\/isfp.cz\/2025\/en\/wp-json\/wp\/v2\/pages"}],"about":[{"href":"https:\/\/isfp.cz\/2025\/en\/wp-json\/wp\/v2\/types\/page"}],"author":[{"embeddable":true,"href":"https:\/\/isfp.cz\/2025\/en\/wp-json\/wp\/v2\/users\/1"}],"replies":[{"embeddable":true,"href":"https:\/\/isfp.cz\/2025\/en\/wp-json\/wp\/v2\/comments?post=20"}],"version-history":[{"count":5,"href":"https:\/\/isfp.cz\/2025\/en\/wp-json\/wp\/v2\/pages\/20\/revisions"}],"predecessor-version":[{"id":2081,"href":"https:\/\/isfp.cz\/2025\/en\/wp-json\/wp\/v2\/pages\/20\/revisions\/2081"}],"wp:featuredmedia":[{"embeddable":true,"href":"https:\/\/isfp.cz\/2025\/en\/wp-json\/wp\/v2\/media\/1567"}],"wp:attachment":[{"href":"https:\/\/isfp.cz\/2025\/en\/wp-json\/wp\/v2\/media?parent=20"}],"curies":[{"name":"wp","href":"https:\/\/api.w.org\/{rel}","templated":true}]}}