{"id":130,"date":"2022-10-31T12:34:13","date_gmt":"2022-10-31T11:34:13","guid":{"rendered":"https:\/\/isfp.cz\/2025\/?page_id=130"},"modified":"2025-03-25T23:26:49","modified_gmt":"2025-03-25T22:26:49","slug":"support-us","status":"publish","type":"page","link":"https:\/\/isfp.cz\/2025\/en\/give-and-join\/support-us\/","title":{"rendered":"Support Us"},"content":{"rendered":"<h5>Donate to help the community grow<\/h5>\n<p>ISFP provides music masterclasses, workshops and concerts by international artists at prices that are widely accessible. It is only thanks to our generous supporters, donors and partners that we are able to bring together so much talent, expertise and passion.<\/p>\n<p>Your donation will help us to continue and improve what we are doing. It will, also, help financially challenged members of the international Japanese music community to attend the ISFP. Learn more about the <a href=\"https:\/\/isfp.cz\/2025\/en\/isfp-stipendia\/\">ISFP Stipendia<\/a>.<\/p>\n<h5>Make a donation to our bank account<\/h5>\n<p class=\"p1\"><span class=\"s1\">NEIRO Association for Expanding Arts, z. s.<br \/>\n<\/span><span class=\"s1\">Address: Holandsk\u00e1 1050\/48,<br \/>\n<\/span><span class=\"s1\">Vr\u0161ovice, 101 00 Praha 10<br \/>\n<\/span><span class=\"s1\">Czech tax ID I\u010cO:04800061<\/span><\/p>\n<p class=\"p1\"><span class=\"s1\">Interational tax ID DI\u010c: CZ04800061<br \/>\n<\/span><span class=\"s1\">Registerted at Czech Court: L 64700 veden\u00e1 u M\u011bstsk\u00e9ho soudu v Praze<br \/>\n<\/span><span class=\"s1\">Bank account number CZ: 219832469\/0600<\/span><\/p>\n<p>&nbsp;<\/p>\n<p>International banking details<br \/>\n<span class=\"s1\">IBAN: CZ11 0600 0000 0002 1983 2469<br \/>\n<\/span><span class=\"s1\">BIC (SWIFT): AGBACZPP<br \/>\n<\/span><span class=\"s1\"><br \/>\nBank address:<br \/>\nMONETA MONEY BANK<br \/>\n<\/span><span class=\"s1\">B Centrum, Vysko\u010dilova 1422\/1a<br \/>\n<\/span><span class=\"s1\">140 28 Praha 4 \u2013 Michle<br \/>\n<\/span><span class=\"s1\">Czech Republic<\/span><\/p>\n<h5>Contribute learning materials &amp; practice instruments<\/h5>\n<p>We try to spread the love and understanding of Japanese music and instruments. Contributing supplies such as practice instruments, learning materials, publications, etc., will be appreciated by all the eager and curious people that gather at our festival. <a href=\"mailto:info@neiro.org?subject=Contribution%20to%20ISFP\">Please contact us!<\/a><\/p>\n","protected":false},"excerpt":{"rendered":"<p>Donate to help the community grow ISFP provides music masterclasses, workshops and concerts by international artists at prices that are widely accessible. It is only thanks to our generous supporters, donors and partners that we are able to bring together so much talent, expertise and passion. Your donation will help us to continue and improve&#8230;<\/p>\n","protected":false},"author":1,"featured_media":132,"parent":145,"menu_order":3,"comment_status":"closed","ping_status":"closed","template":"","meta":{"inline_featured_image":false,"_wp_rev_ctl_limit":""},"_links":{"self":[{"href":"https:\/\/isfp.cz\/2025\/en\/wp-json\/wp\/v2\/pages\/130"}],"collection":[{"href":"https:\/\/isfp.cz\/2025\/en\/wp-json\/wp\/v2\/pages"}],"about":[{"href":"https:\/\/isfp.cz\/2025\/en\/wp-json\/wp\/v2\/types\/page"}],"author":[{"embeddable":true,"href":"https:\/\/isfp.cz\/2025\/en\/wp-json\/wp\/v2\/users\/1"}],"replies":[{"embeddable":true,"href":"https:\/\/isfp.cz\/2025\/en\/wp-json\/wp\/v2\/comments?post=130"}],"version-history":[{"count":3,"href":"https:\/\/isfp.cz\/2025\/en\/wp-json\/wp\/v2\/pages\/130\/revisions"}],"predecessor-version":[{"id":1942,"href":"https:\/\/isfp.cz\/2025\/en\/wp-json\/wp\/v2\/pages\/130\/revisions\/1942"}],"up":[{"embeddable":true,"href":"https:\/\/isfp.cz\/2025\/en\/wp-json\/wp\/v2\/pages\/145"}],"wp:featuredmedia":[{"embeddable":true,"href":"https:\/\/isfp.cz\/2025\/en\/wp-json\/wp\/v2\/media\/132"}],"wp:attachment":[{"href":"https:\/\/isfp.cz\/2025\/en\/wp-json\/wp\/v2\/media?parent=130"}],"curies":[{"name":"wp","href":"https:\/\/api.w.org\/{rel}","templated":true}]}}