{"id":175,"date":"2022-10-31T15:45:33","date_gmt":"2022-10-31T14:45:33","guid":{"rendered":"https:\/\/isfp.cz\/2025\/?page_id=175"},"modified":"2025-06-22T10:16:53","modified_gmt":"2025-06-22T08:16:53","slug":"mista-konani-akci","status":"publish","type":"page","link":"https:\/\/isfp.cz\/2025\/cs\/uzitecne-informace\/mista-konani-akci\/","title":{"rendered":"M\u00edsta kon\u00e1n\u00ed akc\u00ed"},"content":{"rendered":"<p>International Shakuhachi Festival Prague 2025 se kon\u00e1 na n\u011bkolika r\u016fzn\u00fdch m\u00edstech:<\/p>\n<ul>\n<li><a href=\"https:\/\/www.google.com\/maps\/place\/Music+and+Dance+Faculty+of+the+Academy+of+Performing+Arts+in+Prague\/@50.0881723,14.399888,17z\/data=!3m1!4b1!4m5!3m4!1s0x470b94e2125a014b:0xadceee762ddbe06f!8m2!3d50.0881723!4d14.4020767\" target=\"_blank\" rel=\"noopener\">HAMU<\/a><\/li>\n<li><a href=\"https:\/\/www.google.cz\/maps\/place\/DOX%2B+multifunk%C4%8Dn%C3%AD+s%C3%A1l\/@50.1068034,14.4456348,17z\/data=!3m1!4b1!4m6!3m5!1s0x470b95f812004e25:0x6017adf843220792!8m2!3d50.1068!4d14.4482097!16s%2Fg%2F11h77pfjyr?hl=cs&amp;entry=ttu&amp;g_ep=EgoyMDI1MDMwNC4wIKXMDSoASAFQAw%3D%3D\">DOX+<\/a><\/li>\n<li><a href=\"https:\/\/www.google.cz\/maps\/place\/Jazz%26Cocktail+Club+U+Star%C3%A9+pan%C3%AD\/@50.0849471,14.4171565,17z\/data=!3m1!4b1!4m6!3m5!1s0x470b94eeeae97b9f:0x90917454b3b9ad26!8m2!3d50.0849437!4d14.4197314!16s%2Fg%2F11f5jq078t?hl=cs&amp;entry=ttu&amp;g_ep=EgoyMDI1MDMwNC4wIKXMDSoASAFQAw%3D%3D\">JAZZ &amp; COCTAIL CLUB U STAR\u00c9 PAN\u00cd<\/a><\/li>\n<li><a href=\"https:\/\/www.google.com\/maps\/place\/New+Town+Hall\/@50.0782622,14.4190578,17z\/data=!3m1!4b1!4m6!3m5!1s0x470b94f3ac7deeb5:0x9af1ee0b7294130e!8m2!3d50.0782622!4d14.4212465!16zL20vMDZ3MTNw\" target=\"_blank\" rel=\"noopener\">Novom\u011bstsk\u00e1 radnice, Velk\u00fd s\u00e1l<\/a><\/li>\n<li><a href=\"https:\/\/www.google.com\/maps\/place\/Gabriel+Loci\/@50.0749021,14.393434,17z\/data=!3m1!4b1!4m6!3m5!1s0x470b94ffe90d8bef:0xe44f072ee3ed8c90!8m2!3d50.0749021!4d14.3960143!16s%2Fg%2F1226s9f3!5m1!1e1?entry=ttu&amp;g_ep=EgoyMDI1MDYxNy4wIKXMDSoASAFQAw%3D%3D\">Gabriel Loci (BERG Orchestra Concert)<\/a><\/li>\n<li style=\"list-style-type: none\"><\/li>\n<\/ul>\n","protected":false},"excerpt":{"rendered":"<p>International Shakuhachi Festival Prague 2025 se kon\u00e1 na n\u011bkolika r\u016fzn\u00fdch m\u00edstech: HAMU DOX+ JAZZ &amp; COCTAIL CLUB U STAR\u00c9 PAN\u00cd Novom\u011bstsk\u00e1 radnice, Velk\u00fd s\u00e1l Gabriel Loci (BERG Orchestra Concert)<\/p>\n","protected":false},"author":1,"featured_media":173,"parent":152,"menu_order":2,"comment_status":"closed","ping_status":"closed","template":"","meta":{"inline_featured_image":false,"_wp_rev_ctl_limit":""},"_links":{"self":[{"href":"https:\/\/isfp.cz\/2025\/cs\/wp-json\/wp\/v2\/pages\/175"}],"collection":[{"href":"https:\/\/isfp.cz\/2025\/cs\/wp-json\/wp\/v2\/pages"}],"about":[{"href":"https:\/\/isfp.cz\/2025\/cs\/wp-json\/wp\/v2\/types\/page"}],"author":[{"embeddable":true,"href":"https:\/\/isfp.cz\/2025\/cs\/wp-json\/wp\/v2\/users\/1"}],"replies":[{"embeddable":true,"href":"https:\/\/isfp.cz\/2025\/cs\/wp-json\/wp\/v2\/comments?post=175"}],"version-history":[{"count":4,"href":"https:\/\/isfp.cz\/2025\/cs\/wp-json\/wp\/v2\/pages\/175\/revisions"}],"predecessor-version":[{"id":2140,"href":"https:\/\/isfp.cz\/2025\/cs\/wp-json\/wp\/v2\/pages\/175\/revisions\/2140"}],"up":[{"embeddable":true,"href":"https:\/\/isfp.cz\/2025\/cs\/wp-json\/wp\/v2\/pages\/152"}],"wp:featuredmedia":[{"embeddable":true,"href":"https:\/\/isfp.cz\/2025\/cs\/wp-json\/wp\/v2\/media\/173"}],"wp:attachment":[{"href":"https:\/\/isfp.cz\/2025\/cs\/wp-json\/wp\/v2\/media?parent=175"}],"curies":[{"name":"wp","href":"https:\/\/api.w.org\/{rel}","templated":true}]}}