{"id":125,"date":"2022-10-31T12:23:12","date_gmt":"2022-10-31T11:23:12","guid":{"rendered":"https:\/\/isfp.cz\/2025\/isfp-stipendia\/"},"modified":"2022-10-31T12:48:58","modified_gmt":"2022-10-31T11:48:58","slug":"isfp-stipendia","status":"publish","type":"page","link":"https:\/\/isfp.cz\/2025\/cs\/darcovstvi-a-clenstvi\/isfp-stipendia\/","title":{"rendered":"ISFP Stipendia"},"content":{"rendered":"<p>Pokud se nach\u00e1z\u00edte ve slo\u017eit\u00e9 finan\u010dn\u00ed situaci a poplatky za Masterclass a Festival Super Pass p\u0159ekra\u010duj\u00ed v\u00e1\u0161 rozpo\u010det, nev\u00e1hejte n\u00e1s <a href=\"mailto:info@neiro.org\">kontaktovat<\/a>.<\/p>\n<p>Spole\u010dn\u011b najdeme p\u0159ijateln\u00e9 \u0159e\u0161en\u00ed. Mo\u017en\u00e1 n\u00e1m trochu pom\u016f\u017eete s po\u0159\u00e1d\u00e1n\u00edm festivalu (nap\u0159\u00edklad asistence p\u0159i p\u0159\u00edprav\u011b p\u00f3dia) a my v\u00e1m d\u00e1me nab\u00eddku, kterou nelze odm\u00edtnout. Prost\u0159ednictv\u00edm stipendia ISFP v minul\u00fdch letech festival pomohl des\u00edtk\u00e1m lid\u00ed, kte\u0159\u00ed by se jinak nemohli z\u00fa\u010dastnit.<\/p>\n<p>Stipendia ISFP je anonymn\u00ed pomoc komunity pro komunitu \u010d\u00e1ste\u010dn\u011b podporovan\u00e1 p\u0159\u00edsp\u011bvky d\u00e1rc\u016f.<\/p>\n<p>Charita je duch komuso!<\/p>\n","protected":false},"excerpt":{"rendered":"<p>Pokud se nach\u00e1z\u00edte ve slo\u017eit\u00e9 finan\u010dn\u00ed situaci a poplatky za Masterclass a Festival Super Pass p\u0159ekra\u010duj\u00ed v\u00e1\u0161 rozpo\u010det, nev\u00e1hejte n\u00e1s kontaktovat. Spole\u010dn\u011b najdeme p\u0159ijateln\u00e9 \u0159e\u0161en\u00ed. Mo\u017en\u00e1 n\u00e1m trochu pom\u016f\u017eete s po\u0159\u00e1d\u00e1n\u00edm festivalu (nap\u0159\u00edklad asistence p\u0159i p\u0159\u00edprav\u011b p\u00f3dia) a my v\u00e1m d\u00e1me nab\u00eddku, kterou nelze odm\u00edtnout. Prost\u0159ednictv\u00edm stipendia ISFP v minul\u00fdch letech festival pomohl des\u00edtk\u00e1m lid\u00ed,&#8230;<\/p>\n","protected":false},"author":1,"featured_media":123,"parent":147,"menu_order":2,"comment_status":"closed","ping_status":"closed","template":"","meta":{"inline_featured_image":false,"_wp_rev_ctl_limit":""},"_links":{"self":[{"href":"https:\/\/isfp.cz\/2025\/cs\/wp-json\/wp\/v2\/pages\/125"}],"collection":[{"href":"https:\/\/isfp.cz\/2025\/cs\/wp-json\/wp\/v2\/pages"}],"about":[{"href":"https:\/\/isfp.cz\/2025\/cs\/wp-json\/wp\/v2\/types\/page"}],"author":[{"embeddable":true,"href":"https:\/\/isfp.cz\/2025\/cs\/wp-json\/wp\/v2\/users\/1"}],"replies":[{"embeddable":true,"href":"https:\/\/isfp.cz\/2025\/cs\/wp-json\/wp\/v2\/comments?post=125"}],"version-history":[{"count":2,"href":"https:\/\/isfp.cz\/2025\/cs\/wp-json\/wp\/v2\/pages\/125\/revisions"}],"predecessor-version":[{"id":128,"href":"https:\/\/isfp.cz\/2025\/cs\/wp-json\/wp\/v2\/pages\/125\/revisions\/128"}],"up":[{"embeddable":true,"href":"https:\/\/isfp.cz\/2025\/cs\/wp-json\/wp\/v2\/pages\/147"}],"wp:featuredmedia":[{"embeddable":true,"href":"https:\/\/isfp.cz\/2025\/cs\/wp-json\/wp\/v2\/media\/123"}],"wp:attachment":[{"href":"https:\/\/isfp.cz\/2025\/cs\/wp-json\/wp\/v2\/media?parent=125"}],"curies":[{"name":"wp","href":"https:\/\/api.w.org\/{rel}","templated":true}]}}