{"id":161,"date":"2022-10-31T13:26:17","date_gmt":"2022-10-31T12:26:17","guid":{"rendered":"https:\/\/isfp.cz\/2023\/?page_id=161"},"modified":"2022-12-08T12:57:12","modified_gmt":"2022-12-08T11:57:12","slug":"accomodation","status":"publish","type":"page","link":"https:\/\/isfp.cz\/2023\/en\/getting-around\/accomodation\/","title":{"rendered":"Accommodation"},"content":{"rendered":"<p>Below is our selection of hotels and hostels conveniently located near the city centre, wherefrom you may reach the main festival venue, by foot or via public transport. We recommend accommodation of all price ranges with only the highest user and critic reviews.<\/p>\n<h3>BUDGET<\/h3>\n<h5>Hostel Ananas<\/h5>\n<p>V\u00e1clavsk\u00e9 n\u00e1m\u011bst\u00ed 1<br \/>\nPrague 1<br \/>\nT: +420 608 921 766<br \/>\n<a href=\"http:\/\/www.hostelananas.com\">www.hostelananas.com<\/a><\/p>\n<h5>Hostel &amp; Pension Downtown<\/h5>\n<p>N\u00e1rodn\u00ed 19<br \/>\nPrague 1<br \/>\nT: + 420 224 240 570<br \/>\n<a href=\"http:\/\/www.hostel-downtown.cz\">www.hostel-downtown.cz<\/a><\/p>\n<h5>Hostel One M\u00edru<\/h5>\n<p>Slezsk\u00e1 1<br \/>\nPrague 2 \u2013 Vinohrady<br \/>\nT: +420 725 529 951<br \/>\n<a href=\"http:\/\/www.hostelone.com\">www.hostelone.com<\/a><\/p>\n<h5>Czech Inn<\/h5>\n<p>Francouzsk\u00e1 76<br \/>\nPrague 2 \u2013 Vinohrady<br \/>\n<a href=\"http:\/\/www.czech-inn.com\">www.czech-inn.com<\/a><\/p>\n<h5>Residence Neiro<\/h5>\n<p>Holandsk\u00e1 48<br \/>\nPrague 10<br \/>\nE: <a href=\"mailto:info@neiro.org?subject=ISFP Accomodation\">info@neiro.org<\/a><\/p>\n<h3>MIDRANGE<\/h3>\n<h5>Hotel AXA<\/h5>\n<p><strong>(ISFP guests are accommodated here)<\/strong><br \/>\nNa Po\u0159\u00ed\u010d\u00ed 40<br \/>\nPrague 1 \u2013 Old Town<br \/>\nT: +420 227 085 111<br \/>\n<a href=\"http:\/\/www.axa-hotel.cz\">www.axa-hotel.cz<\/a><\/p>\n<h5>Hotel Golden Deer<\/h5>\n<p>Celetn\u00e1 11<br \/>\nPrague 1<br \/>\nT: +420 257 531 925<br \/>\n<a href=\"http:\/\/www.goldendeer.cz\">www.goldendeer.cz<\/a><\/p>\n<h5>Hotel Adler Praha<\/h5>\n<p>V Jirch\u00e1\u0159\u00edch 13<br \/>\nPrague 1<br \/>\nT: +420 730 896 595<br \/>\n<a href=\"http:\/\/www.hoteladler.cz\">www.hoteladler.cz<\/a><\/p>\n<h5>Family Lorenz &amp; Coffee House<\/h5>\n<p>Francouzsk\u00e1 312\/100<br \/>\nPrague 10<br \/>\nT: 775 667 816<\/p>\n<h3>LUXURY<\/h3>\n<h5>Design Hotel Jewel Prague<\/h5>\n<p>Ryt\u00ed\u0159sk\u00e1 3<br \/>\nPrague 1 \u2013 Old town<br \/>\nT: +420 224 211 699<br \/>\n<a href=\"http:\/\/www.hoteljewelprague.com\">www.hoteljewelprague.com<\/a><\/p>\n<h5>Grand Majestic Prague<\/h5>\n<p>Truhl\u00e1\u0159sk\u00e1 16<br \/>\nPrague 1 \u2013 Old town<br \/>\nT: +420 211 159 100<br \/>\n<a href=\"http:\/\/www.hotel-grandmajestic.cz\">www.hotel-grandmajestic.cz<\/a><\/p>\n<h5>Hotel Josef<\/h5>\n<p>Rybn\u00e1 20<br \/>\nPrague 1 \u2013 Old town<br \/>\nT: +420 221 700 901<br \/>\n<a href=\"http:\/\/www.hoteljosef.com\">www.hoteljosef.com<\/a><\/p>\n","protected":false},"excerpt":{"rendered":"<p>Below is our selection of hotels and hostels conveniently located near the city centre, wherefrom you may reach the main festival venue, by foot or via public transport. We recommend accommodation of all price ranges with only the highest user and critic reviews. BUDGET Hostel Ananas V\u00e1clavsk\u00e9 n\u00e1m\u011bst\u00ed 1 Prague 1 T: +420 608 921&#8230;<\/p>\n","protected":false},"author":1,"featured_media":163,"parent":150,"menu_order":3,"comment_status":"closed","ping_status":"closed","template":"","meta":{"inline_featured_image":false,"_wp_rev_ctl_limit":""},"_links":{"self":[{"href":"https:\/\/isfp.cz\/2023\/en\/wp-json\/wp\/v2\/pages\/161"}],"collection":[{"href":"https:\/\/isfp.cz\/2023\/en\/wp-json\/wp\/v2\/pages"}],"about":[{"href":"https:\/\/isfp.cz\/2023\/en\/wp-json\/wp\/v2\/types\/page"}],"author":[{"embeddable":true,"href":"https:\/\/isfp.cz\/2023\/en\/wp-json\/wp\/v2\/users\/1"}],"replies":[{"embeddable":true,"href":"https:\/\/isfp.cz\/2023\/en\/wp-json\/wp\/v2\/comments?post=161"}],"version-history":[{"count":3,"href":"https:\/\/isfp.cz\/2023\/en\/wp-json\/wp\/v2\/pages\/161\/revisions"}],"predecessor-version":[{"id":571,"href":"https:\/\/isfp.cz\/2023\/en\/wp-json\/wp\/v2\/pages\/161\/revisions\/571"}],"up":[{"embeddable":true,"href":"https:\/\/isfp.cz\/2023\/en\/wp-json\/wp\/v2\/pages\/150"}],"wp:featuredmedia":[{"embeddable":true,"href":"https:\/\/isfp.cz\/2023\/en\/wp-json\/wp\/v2\/media\/163"}],"wp:attachment":[{"href":"https:\/\/isfp.cz\/2023\/en\/wp-json\/wp\/v2\/media?parent=161"}],"curies":[{"name":"wp","href":"https:\/\/api.w.org\/{rel}","templated":true}]}}