{"id":600,"date":"2022-12-08T15:44:54","date_gmt":"2022-12-08T14:44:54","guid":{"rendered":"https:\/\/isfp.cz\/2023\/symposium-program\/"},"modified":"2023-05-31T16:31:29","modified_gmt":"2023-05-31T14:31:29","slug":"symposium-program","status":"publish","type":"page","link":"https:\/\/isfp.cz\/2023\/cs\/symposium-program\/","title":{"rendered":"Symposium Program"},"content":{"rendered":"<h1><a href=\"https:\/\/isfp.cz\/2023\/wp-content\/uploads\/2023\/05\/ISFP-23-Symposium-PROGRAM_fin.docx.pdf\">DOWNLOAD THE SYMPOSIUM PROGRAM BOOKLET HERE<\/a><a href=\"https:\/\/isfp.cz\/2023\/wp-content\/uploads\/2023\/05\/ISFP-23-Symposium-PROGRAM_fin.docx.pdf\">: ISFP 23 Symposium PROGRAM_fin.docx<\/a><\/h1>\n<h1>Music &amp; Altered States of Consciousness<\/h1>\n<h3>June 1st,\u00a0 Music and Dance Faculty of the Academy of Performing Arts\u00a0 in Prague (HAMU) and online <a href=\"https:\/\/us06web.zoom.us\/j\/89752747557?pwd=WDJydFZlVFg5YzNmbkx6dnNqV2Z1Zz09\">here\u00a0<\/a><\/h3>\n<p>&nbsp;<\/p>\n<pre><b>Symposium 2023 - Program\u00a0<\/b>\r\n\r\n<em>9:00 Registration<\/em>\r\n<em>9:30 - 10:00<\/em><em> Opening, introductory presentation<\/em><b><i>\r\n<\/i><\/b><span style=\"font-weight: 400\"><strong>Tom\u00e1\u0161 Reindl<\/strong> \u2013 Music and Altered States of Consciousness (principles and experiences)\r\n<\/span>\r\n\r\n<b><i>10:00 - 12:00 Morning session| Music &amp; Psychedelic\u00a0 Therapy<\/i><\/b>\r\n\r\n<strong>Mendel Kaelen \u2013 keynote speaker<\/strong>\r\n\r\n<span style=\"font-weight: 400\"><strong>Old\u0159ich Pod\u011bbradsk\u00fd<\/strong> \u2013 \u201eIs it really psychedelic?\u201d Psychedelic rock music and altered states of mind: a Prague case\u00a0<\/span>\r\n\r\n<span style=\"font-weight: 400\"><strong>Klara B\u00f6hm \/ Martin Tes\u00e1k alias Maok<\/strong> \u2013 The Role of Music in Altered States Of Consciousness\u00a0<\/span>\r\n\r\n<b><i>13:30 - 15:00\u00a0 Afternoon session I | TBA<\/i><\/b>\r\n\r\n<span style=\"font-weight: 400\"><strong>Veronika Seidlov\u00e1<\/strong> - Mantra behind the iron curtain\u00a0<\/span>\r\n\r\n<span style=\"font-weight: 400\"><strong>Matthew Noone<\/strong> \u2013 The Sound Beyond Imagination: a transcultural meditation on music, affect and magic.\u00a0<\/span>\r\n\r\n<span style=\"font-weight: 400\"><strong>Balakrishnan\u00a0 Raghavan<\/strong> \u2013 Performing Utopia: South Asian Heterodox Spi\/ritual <\/span><span style=\"font-weight: 400\">Song as a Site of <\/span><\/pre>\n<pre><span style=\"font-weight: 400\">Hope for the Marginalized\u00a0<\/span>\r\n\r\n\r\n<b><i>15:30 - 18:00 Afternoon session II | TBA<\/i><\/b>\r\n\r\n<span style=\"font-weight: 400\"><strong>Gunnar Jinmei Linder<\/strong> \u2013 Tracing Spirituality and Popularity of Shakuhachi Music in the Edo Period<\/span>\r\n\r\n<span style=\"font-weight: 400\"><strong>Lydia Snyder<\/strong> \u2013 Trance-Forming Music: Healing Through Communal Drumming<\/span><b>\u00a0<\/b>\r\n\r\n<span style=\"font-weight: 400\"><b>Genshin Seian<\/b><\/span><span style=\"font-weight: 400\"> - Kyoto Myoan-ji: Past &amp; Present<\/span>\r\n\r\n20:00 <a href=\"https:\/\/isfp.cz\/2023\/en\/events\/granular-satori\/\">Granular Satori, Cafe v Lese\r\n<em>Opening Concert of the 14th International Shakuhachi Festival Prague<\/em><\/a>\r\n\r\n\r\nOFF Symposium Program: Saikawa Buntai - Tendaishu Shomyo, \r\n1200 years liturgical tradition from the marathon monks of Mt. Hiei\r\n\r\n\r\n<em>ORGANISED BY NEIRO ASSOCIATION FOR EXPANDING ARTS IN COOPERATION WITH \r\nTHE MUSIC THEORY DEPARTMENT,\r\n<\/em><em style=\"background-color: var(--white)\">MUSIC AND DANCE FACULTY OF THE ACADEMY OF PERFORMING ARTS IN PRAGUE\r\n\r\n<\/em><em>The symposium Music &amp; Altered States of Consciousness will take place on June 1st  in the DANCE HALL \r\n<\/em><em>at the <\/em><em>Music and Dance Faculty of the Academy of Performing Arts\u00a0 in Prague \r\n(HAMU, Malostansk\u00e9 n\u00e1m\u011bst\u00ed 13, Praha 1) .<\/em><\/pre>\n","protected":false},"excerpt":{"rendered":"<p>DOWNLOAD THE SYMPOSIUM PROGRAM BOOKLET HERE: ISFP 23 Symposium PROGRAM_fin.docx Music &amp; Altered States of Consciousness June 1st,\u00a0 Music and Dance Faculty of the Academy of Performing Arts\u00a0 in Prague (HAMU) and online here\u00a0 &nbsp; Symposium 2023 &#8211; Program\u00a0 9:00 Registration 9:30 &#8211; 10:00 Opening, introductory presentation Tom\u00e1\u0161 Reindl \u2013 Music and Altered States of&#8230;<\/p>\n","protected":false},"author":1,"featured_media":0,"parent":0,"menu_order":0,"comment_status":"closed","ping_status":"closed","template":"page-sympform","meta":{"inline_featured_image":false,"_wp_rev_ctl_limit":""},"_links":{"self":[{"href":"https:\/\/isfp.cz\/2023\/cs\/wp-json\/wp\/v2\/pages\/600"}],"collection":[{"href":"https:\/\/isfp.cz\/2023\/cs\/wp-json\/wp\/v2\/pages"}],"about":[{"href":"https:\/\/isfp.cz\/2023\/cs\/wp-json\/wp\/v2\/types\/page"}],"author":[{"embeddable":true,"href":"https:\/\/isfp.cz\/2023\/cs\/wp-json\/wp\/v2\/users\/1"}],"replies":[{"embeddable":true,"href":"https:\/\/isfp.cz\/2023\/cs\/wp-json\/wp\/v2\/comments?post=600"}],"version-history":[{"count":4,"href":"https:\/\/isfp.cz\/2023\/cs\/wp-json\/wp\/v2\/pages\/600\/revisions"}],"predecessor-version":[{"id":1362,"href":"https:\/\/isfp.cz\/2023\/cs\/wp-json\/wp\/v2\/pages\/600\/revisions\/1362"}],"wp:attachment":[{"href":"https:\/\/isfp.cz\/2023\/cs\/wp-json\/wp\/v2\/media?parent=600"}],"curies":[{"name":"wp","href":"https:\/\/api.w.org\/{rel}","templated":true}]}}