{"id":175,"date":"2022-10-31T15:45:33","date_gmt":"2022-10-31T14:45:33","guid":{"rendered":"https:\/\/isfp.cz\/2023\/?page_id=175"},"modified":"2023-05-04T19:13:20","modified_gmt":"2023-05-04T17:13:20","slug":"mista-konani-akci","status":"publish","type":"page","link":"https:\/\/isfp.cz\/2023\/cs\/uzitecne-informace\/mista-konani-akci\/","title":{"rendered":"M\u00edsta kon\u00e1n\u00ed akc\u00ed"},"content":{"rendered":"<p>International Shakuhachi Festival Prague 2023 se kon\u00e1 na n\u011bkolika r\u016fzn\u00fdch m\u00edstech:<\/p>\n<ul>\n<li><a href=\"https:\/\/www.google.com\/maps\/place\/Music+and+Dance+Faculty+of+the+Academy+of+Performing+Arts+in+Prague\/@50.0881723,14.399888,17z\/data=!3m1!4b1!4m5!3m4!1s0x470b94e2125a014b:0xadceee762ddbe06f!8m2!3d50.0881723!4d14.4020767\" target=\"_blank\" rel=\"noopener\">HAMU<\/a><\/li>\n<li><a href=\"https:\/\/www.google.com\/maps\/place\/Caf%C3%A9+V+lese\/@50.0713476,14.448464,15z\/data=!4m6!3m5!1s0x470b94819af73291:0xff6649511084e3de!8m2!3d50.0713476!4d14.448464!16s%2Fg%2F1q62fnbc5\" target=\"_blank\" rel=\"noopener\">Caf\u00e9 V lese<\/a><\/li>\n<li><a href=\"https:\/\/www.google.com\/maps\/place\/Divadlo+Archa\/@50.0896638,14.4318685,17z\/data=!3m1!4b1!4m5!3m4!1s0x470b9495649a6e09:0x303ebe3d24268880!8m2!3d50.0896638!4d14.4340572\" target=\"_blank\" rel=\"noopener\">Divadlo Archa<\/a><\/li>\n<li><a href=\"https:\/\/www.google.com\/maps\/place\/New+Town+Hall\/@50.0782622,14.4190578,17z\/data=!3m1!4b1!4m6!3m5!1s0x470b94f3ac7deeb5:0x9af1ee0b7294130e!8m2!3d50.0782622!4d14.4212465!16zL20vMDZ3MTNw\" target=\"_blank\" rel=\"noopener\">Novom\u011bstsk\u00e1 radnice, Velk\u00fd s\u00e1l<\/a><\/li>\n<li><a href=\"https:\/\/www.google.com\/maps\/place\/Studio+Hrdin%C5%AF\/@50.1011429,14.4305759,17z\/data=!3m1!4b1!4m6!3m5!1s0x470b94c8eb3f486d:0x305bddab3589c907!8m2!3d50.1011429!4d14.4327646!16s%2Fg%2F1pzs7365k\" target=\"_blank\" rel=\"noopener\">Studio Hrdin\u016f\u00a0<\/a><\/li>\n<\/ul>\n","protected":false},"excerpt":{"rendered":"<p>International Shakuhachi Festival Prague 2023 se kon\u00e1 na n\u011bkolika r\u016fzn\u00fdch m\u00edstech: HAMU Caf\u00e9 V lese Divadlo Archa Novom\u011bstsk\u00e1 radnice, Velk\u00fd s\u00e1l Studio Hrdin\u016f\u00a0<\/p>\n","protected":false},"author":1,"featured_media":173,"parent":152,"menu_order":2,"comment_status":"closed","ping_status":"closed","template":"","meta":{"inline_featured_image":false,"_wp_rev_ctl_limit":""},"_links":{"self":[{"href":"https:\/\/isfp.cz\/2023\/cs\/wp-json\/wp\/v2\/pages\/175"}],"collection":[{"href":"https:\/\/isfp.cz\/2023\/cs\/wp-json\/wp\/v2\/pages"}],"about":[{"href":"https:\/\/isfp.cz\/2023\/cs\/wp-json\/wp\/v2\/types\/page"}],"author":[{"embeddable":true,"href":"https:\/\/isfp.cz\/2023\/cs\/wp-json\/wp\/v2\/users\/1"}],"replies":[{"embeddable":true,"href":"https:\/\/isfp.cz\/2023\/cs\/wp-json\/wp\/v2\/comments?post=175"}],"version-history":[{"count":3,"href":"https:\/\/isfp.cz\/2023\/cs\/wp-json\/wp\/v2\/pages\/175\/revisions"}],"predecessor-version":[{"id":1245,"href":"https:\/\/isfp.cz\/2023\/cs\/wp-json\/wp\/v2\/pages\/175\/revisions\/1245"}],"up":[{"embeddable":true,"href":"https:\/\/isfp.cz\/2023\/cs\/wp-json\/wp\/v2\/pages\/152"}],"wp:featuredmedia":[{"embeddable":true,"href":"https:\/\/isfp.cz\/2023\/cs\/wp-json\/wp\/v2\/media\/173"}],"wp:attachment":[{"href":"https:\/\/isfp.cz\/2023\/cs\/wp-json\/wp\/v2\/media?parent=175"}],"curies":[{"name":"wp","href":"https:\/\/api.w.org\/{rel}","templated":true}]}}