{"id":166,"date":"2022-10-31T13:26:17","date_gmt":"2022-10-31T12:26:17","guid":{"rendered":"https:\/\/isfp.cz\/2023\/uzitecne-informace\/accomodation\/"},"modified":"2023-02-20T15:49:31","modified_gmt":"2023-02-20T14:49:31","slug":"ubytovani","status":"publish","type":"page","link":"https:\/\/isfp.cz\/2023\/cs\/uzitecne-informace\/ubytovani\/","title":{"rendered":"Ubytov\u00e1n\u00ed"},"content":{"rendered":"<p>N\u00ed\u017ee najdete v\u00fdb\u011br hotel\u016f a hostel\u016f, kter\u00e9 se nach\u00e1zej\u00ed v okol\u00ed centra Prahy, odkud lze snadno doj\u00edt \u010di dojet na hlavn\u00ed m\u00edsto kon\u00e1n\u00ed festivalu. V na\u0161em v\u00fdb\u011bru naleznete ubytov\u00e1n\u00ed s vysok\u00fdm hodnocen\u00edm nejen host\u016f, ale i kritik\u016f v r\u016fzn\u00fdch cenov\u00fdch kategori\u00edch.<\/p>\n<h3>\u00daSPORN\u00c9<\/h3>\n<h5>Hostel Ananas<\/h5>\n<p>V\u00e1clavsk\u00e9 n\u00e1m\u011bst\u00ed 1<br \/>\nPraha 1<br \/>\nT: +420 608 921 766<br \/>\n<a href=\"http:\/\/www.hostelananas.com\">www.hostelananas.com<\/a><\/p>\n<h5>Hostel &amp; Pension Downtown<\/h5>\n<p>N\u00e1rodn\u00ed 19<br \/>\nPraha 1<br \/>\nT: + 420 224 240 570<br \/>\n<a href=\"http:\/\/www.hostel-downtown.cz\">www.hostel-downtown.cz<\/a><\/p>\n<h5>Hostel One M\u00edru<\/h5>\n<p>Slezsk\u00e1 1<br \/>\nPraha 2 \u2013 Vinohrady<br \/>\nT: +420 725 529 951<br \/>\n<a href=\"http:\/\/www.hostelone.com\">www.hostelone.com<\/a><\/p>\n<h5>Czech Inn<\/h5>\n<p>Francouzsk\u00e1 76<br \/>\nPraha 2 \u2013 Vinohrady<br \/>\n<a href=\"http:\/\/www.czech-inn.com\">www.czech-inn.com<\/a><\/p>\n<h5>Residence Neiro<\/h5>\n<p>Holandsk\u00e1 48<br \/>\nPraha 10<br \/>\nE: <a href=\"mailto:info@neiro.org?subject=ISFP Accomodation\">info@neiro.org<\/a><\/p>\n<h3>ST\u0158EDN\u00cd<\/h3>\n<h5>Hotel AXA<\/h5>\n<p>(zde jsou ubytov\u00e1ni host\u00e9 ISFP)<\/p>\n<p>Na Po\u0159\u00ed\u010d\u00ed 40<br \/>\nPraha 1 \u2013 Star\u00e9 m\u011bsto<br \/>\nT: +420 227 085 111<br \/>\n<a href=\"http:\/\/www.axa-hotel.cz\">www.axa-hotel.cz<\/a><\/p>\n<h5>Hotel Golden Deer<\/h5>\n<p>Celetn\u00e1 11<br \/>\nPraha 1<br \/>\nT: +420 257 531 925<br \/>\n<a href=\"http:\/\/www.goldendeer.cz\">www.goldendeer.cz<\/a><\/p>\n<h5>Hotel Adler Praha<\/h5>\n<p>V Jirch\u00e1\u0159\u00edch 13<br \/>\nPraha 1<br \/>\nT: +420 730 896 595<br \/>\n<a href=\"http:\/\/www.hoteladler.cz\">www.hoteladler.cz<\/a><\/p>\n<h5>Family Lorenz &amp; Coffee House<\/h5>\n<p>Francouzsk\u00e1 312\/100<br \/>\nPraha 10<br \/>\nT: 775 667 816<\/p>\n<h3>LUXUSN\u00cd<\/h3>\n<h5>Design Hotel Jewel Prague<\/h5>\n<p>Ryt\u00ed\u0159sk\u00e1 3<br \/>\nPraha 1 \u2013 Star\u00e9 m\u011bsto<br \/>\nT: +420 224 211 699<br \/>\n<a href=\"http:\/\/www.hoteljewelprague.com\">www.hoteljewelprague.com<\/a><\/p>\n<h5>Grand Majestic Prague<\/h5>\n<p>Truhl\u00e1\u0159sk\u00e1 16<br \/>\nPraha 1 \u2013 Star\u00e9 m\u011bsto<br \/>\nT: +420 211 159 100<br \/>\n<a href=\"http:\/\/www.hotel-grandmajestic.cz\">www.hotel-grandmajestic.cz<\/a><\/p>\n<h5>Hotel Josef<\/h5>\n<p>Rybn\u00e1 20<br \/>\nPraha 1 \u2013 Star\u00e9 m\u011bsto<br \/>\nT: +420 221 700 901<br \/>\n<a href=\"http:\/\/www.hoteljosef.com\">www.hoteljosef.com<\/a><\/p>\n","protected":false},"excerpt":{"rendered":"<p>N\u00ed\u017ee najdete v\u00fdb\u011br hotel\u016f a hostel\u016f, kter\u00e9 se nach\u00e1zej\u00ed v okol\u00ed centra Prahy, odkud lze snadno doj\u00edt \u010di dojet na hlavn\u00ed m\u00edsto kon\u00e1n\u00ed festivalu. V na\u0161em v\u00fdb\u011bru naleznete ubytov\u00e1n\u00ed s vysok\u00fdm hodnocen\u00edm nejen host\u016f, ale i kritik\u016f v r\u016fzn\u00fdch cenov\u00fdch kategori\u00edch. \u00daSPORN\u00c9 Hostel Ananas V\u00e1clavsk\u00e9 n\u00e1m\u011bst\u00ed 1 Praha 1 T: +420 608 921 766 www.hostelananas.com&#8230;<\/p>\n","protected":false},"author":1,"featured_media":164,"parent":152,"menu_order":3,"comment_status":"closed","ping_status":"closed","template":"","meta":{"inline_featured_image":false,"_wp_rev_ctl_limit":""},"_links":{"self":[{"href":"https:\/\/isfp.cz\/2023\/cs\/wp-json\/wp\/v2\/pages\/166"}],"collection":[{"href":"https:\/\/isfp.cz\/2023\/cs\/wp-json\/wp\/v2\/pages"}],"about":[{"href":"https:\/\/isfp.cz\/2023\/cs\/wp-json\/wp\/v2\/types\/page"}],"author":[{"embeddable":true,"href":"https:\/\/isfp.cz\/2023\/cs\/wp-json\/wp\/v2\/users\/1"}],"replies":[{"embeddable":true,"href":"https:\/\/isfp.cz\/2023\/cs\/wp-json\/wp\/v2\/comments?post=166"}],"version-history":[{"count":3,"href":"https:\/\/isfp.cz\/2023\/cs\/wp-json\/wp\/v2\/pages\/166\/revisions"}],"predecessor-version":[{"id":169,"href":"https:\/\/isfp.cz\/2023\/cs\/wp-json\/wp\/v2\/pages\/166\/revisions\/169"}],"up":[{"embeddable":true,"href":"https:\/\/isfp.cz\/2023\/cs\/wp-json\/wp\/v2\/pages\/152"}],"wp:featuredmedia":[{"embeddable":true,"href":"https:\/\/isfp.cz\/2023\/cs\/wp-json\/wp\/v2\/media\/164"}],"wp:attachment":[{"href":"https:\/\/isfp.cz\/2023\/cs\/wp-json\/wp\/v2\/media?parent=166"}],"curies":[{"name":"wp","href":"https:\/\/api.w.org\/{rel}","templated":true}]}}