{"id":159,"date":"2022-10-31T13:05:45","date_gmt":"2022-10-31T12:05:45","guid":{"rendered":"https:\/\/isfp.cz\/2023\/?page_id=159"},"modified":"2022-11-22T14:33:04","modified_gmt":"2022-11-22T13:33:04","slug":"verejna-doprava","status":"publish","type":"page","link":"https:\/\/isfp.cz\/2023\/cs\/uzitecne-informace\/verejna-doprava\/","title":{"rendered":"Ve\u0159ejn\u00e1 doprava"},"content":{"rendered":"<h5>TRAMVAJ<\/h5>\n<p>No\u010dn\u00ed tramvaj od 24:00 do 5:00. Centr\u00e1ln\u00ed p\u0159estupn\u00ed stanice pro no\u010dn\u00ed tramvaje je Lazarsk\u00e1.<\/p>\n<h5>METRO<\/h5>\n<p>Metro jezd\u00ed denn\u011b od 5:00 do 24:00.<\/p>\n<h5>J\u00edzdn\u00e9<\/h5>\n<h6>Dosp\u011bl\u00ed (nad 15 let):<\/h6>\n<ul>\n<li>J\u00edzdenka (30 minut): 30 CZK<\/li>\n<li>J\u00edzdenka (90 minut): 40 CZK<\/li>\n<li>J\u00edzdenka 24 hodin: 120 CZK<\/li>\n<li>J\u00edzdenka 72 hodin: 330 CZK<\/li>\n<\/ul>\n<p>UPOZORN\u011aN\u00cd: j\u00edzdenky si ozna\u010dte p\u0159ed vstupem do metra a hned po n\u00e1stupu do tramvaje nebo autobusu.<\/p>\n<p>Pr\u016fvodce pra\u017eskou ve\u0159ejnou dopravou najdete <a href=\"http:\/\/www.dpp.cz\/en\/fares-in-prague\/\">zde<\/a>.<\/p>\n<p>Ve\u0161ker\u00e9 trasy a spojen\u00ed najdete na <a href=\"https:\/\/www.idos.cz\">www.idos.cz<\/a> nebo v aplikaci IDOS ve va\u0161em telefonu.<\/p>\n<h5>TAXI<\/h5>\n<p>Stanovi\u0161t\u011b taxi se nach\u00e1zej\u00ed na hlavn\u00edm n\u00e1dra\u017e\u00ed, leti\u0161ti, u hotel\u016f a turistick\u00fdch lokalit.<\/p>\n<h6>TAXI SAZBY<\/h6>\n<ul>\n<li>N\u00e1stup: maximum 60 CZK<\/li>\n<li>\u010cek\u00e1n\u00ed: maximum 10 CZK\/min<\/li>\n<li>J\u00edzdn\u00e9 Praha: maximum 36 CZK\/km<\/li>\n<\/ul>\n<p>V Praze je takt\u00e9\u017e k dispozici UBER a BOLT.<\/p>\n","protected":false},"excerpt":{"rendered":"<p>TRAMVAJ No\u010dn\u00ed tramvaj od 24:00 do 5:00. Centr\u00e1ln\u00ed p\u0159estupn\u00ed stanice pro no\u010dn\u00ed tramvaje je Lazarsk\u00e1. METRO Metro jezd\u00ed denn\u011b od 5:00 do 24:00. J\u00edzdn\u00e9 Dosp\u011bl\u00ed (nad 15 let): J\u00edzdenka (30 minut): 30 CZK J\u00edzdenka (90 minut): 40 CZK J\u00edzdenka 24 hodin: 120 CZK J\u00edzdenka 72 hodin: 330 CZK UPOZORN\u011aN\u00cd: j\u00edzdenky si ozna\u010dte p\u0159ed vstupem do&#8230;<\/p>\n","protected":false},"author":1,"featured_media":157,"parent":152,"menu_order":1,"comment_status":"closed","ping_status":"closed","template":"","meta":{"inline_featured_image":false,"_wp_rev_ctl_limit":""},"_links":{"self":[{"href":"https:\/\/isfp.cz\/2023\/cs\/wp-json\/wp\/v2\/pages\/159"}],"collection":[{"href":"https:\/\/isfp.cz\/2023\/cs\/wp-json\/wp\/v2\/pages"}],"about":[{"href":"https:\/\/isfp.cz\/2023\/cs\/wp-json\/wp\/v2\/types\/page"}],"author":[{"embeddable":true,"href":"https:\/\/isfp.cz\/2023\/cs\/wp-json\/wp\/v2\/users\/1"}],"replies":[{"embeddable":true,"href":"https:\/\/isfp.cz\/2023\/cs\/wp-json\/wp\/v2\/comments?post=159"}],"version-history":[{"count":3,"href":"https:\/\/isfp.cz\/2023\/cs\/wp-json\/wp\/v2\/pages\/159\/revisions"}],"predecessor-version":[{"id":453,"href":"https:\/\/isfp.cz\/2023\/cs\/wp-json\/wp\/v2\/pages\/159\/revisions\/453"}],"up":[{"embeddable":true,"href":"https:\/\/isfp.cz\/2023\/cs\/wp-json\/wp\/v2\/pages\/152"}],"wp:featuredmedia":[{"embeddable":true,"href":"https:\/\/isfp.cz\/2023\/cs\/wp-json\/wp\/v2\/media\/157"}],"wp:attachment":[{"href":"https:\/\/isfp.cz\/2023\/cs\/wp-json\/wp\/v2\/media?parent=159"}],"curies":[{"name":"wp","href":"https:\/\/api.w.org\/{rel}","templated":true}]}}