{"id":142,"date":"2022-10-31T12:42:48","date_gmt":"2022-10-31T11:42:48","guid":{"rendered":"https:\/\/isfp.cz\/2023\/?page_id=142"},"modified":"2022-10-31T12:49:30","modified_gmt":"2022-10-31T11:49:30","slug":"isfp-family","status":"publish","type":"page","link":"https:\/\/isfp.cz\/2023\/cs\/darcovstvi-a-clenstvi\/isfp-family\/","title":{"rendered":"ISFP Family"},"content":{"rendered":"<h5>Pomozte n\u00e1m zlep\u0161it kvalitu International Shakuhachi Festival Prague<\/h5>\n<p>Vyu\u017eijte p\u0159\u00edle\u017eitosti p\u0159iv\u00e9st sv\u00e9 p\u0159\u00e1tele na festival zdarma. Sta\u0148te se v\u00fdznamnou sou\u010d\u00e1st\u00ed mezin\u00e1rodn\u00ed komunity hr\u00e1\u010d\u016f na shakuhachi, koto a shamisen.<\/p>\n<h5>Sta\u0148te se do\u017eivotn\u00edm \u010dlenem ISFP Family Programu<\/h5>\n<p><strong>Podm\u00ednky:<\/strong><\/p>\n<ul>\n<li>Za 3000 K\u010d se stanete do\u017eivotn\u00edm \u010dlenem ISFP Family Programu.<\/li>\n<li>Jako do\u017eivotn\u00ed \u010dlen z\u00edsk\u00e1te 30% slevu z Festival Passu.<\/li>\n<li>Mo\u017enost konzultace p\u0159i v\u00fdb\u011bru skladeb (a \u017e\u00e1nr\u016f), kter\u00e9 budou vyu\u010dov\u00e1ny v nadch\u00e1zej\u00edc\u00edm ro\u010dn\u00edku akce.<\/li>\n<li>Mo\u017enost p\u0159iv\u00e9st p\u0159\u00edtele, kter\u00e9mu je umo\u017en\u011bno se zdarma \u00fa\u010dastnit jak\u00e9hokoli &#8220;hands on&#8221; kurzu (v\u010detn\u011b bezplatn\u00e9ho vstupu na v\u0161echny koncerty festivalu).<\/li>\n<li>Abyste udr\u017eeli sv\u00e9 \u010dlenstv\u00ed v platnosti, mus\u00edte se ISFP z\u00fa\u010dastnit alespo\u0148 jednou za dva roky.<\/li>\n<li>Velmi si v\u00e1\u017e\u00edme va\u0161\u00ed pomoci.<\/li>\n<\/ul>\n<p>Pokud pr\u00e1v\u011b nedisponujete financemi na sponzorstv\u00ed, nevad\u00ed, p\u0159ij\u010fte alespo\u0148 na festival! V\u011bdom\u00ed, \u017ee si lid\u00e9 v\u00e1\u017e\u00ed na\u0161\u00ed pr\u00e1ce, je n\u00e1m obrovskou posilou.<\/p>\n","protected":false},"excerpt":{"rendered":"<p>Pomozte n\u00e1m zlep\u0161it kvalitu International Shakuhachi Festival Prague Vyu\u017eijte p\u0159\u00edle\u017eitosti p\u0159iv\u00e9st sv\u00e9 p\u0159\u00e1tele na festival zdarma. Sta\u0148te se v\u00fdznamnou sou\u010d\u00e1st\u00ed mezin\u00e1rodn\u00ed komunity hr\u00e1\u010d\u016f na shakuhachi, koto a shamisen. Sta\u0148te se do\u017eivotn\u00edm \u010dlenem ISFP Family Programu Podm\u00ednky: Za 3000 K\u010d se stanete do\u017eivotn\u00edm \u010dlenem ISFP Family Programu. Jako do\u017eivotn\u00ed \u010dlen z\u00edsk\u00e1te 30% slevu z Festival Passu&#8230;.<\/p>\n","protected":false},"author":1,"featured_media":140,"parent":147,"menu_order":1,"comment_status":"closed","ping_status":"closed","template":"","meta":{"inline_featured_image":false,"_wp_rev_ctl_limit":""},"_links":{"self":[{"href":"https:\/\/isfp.cz\/2023\/cs\/wp-json\/wp\/v2\/pages\/142"}],"collection":[{"href":"https:\/\/isfp.cz\/2023\/cs\/wp-json\/wp\/v2\/pages"}],"about":[{"href":"https:\/\/isfp.cz\/2023\/cs\/wp-json\/wp\/v2\/types\/page"}],"author":[{"embeddable":true,"href":"https:\/\/isfp.cz\/2023\/cs\/wp-json\/wp\/v2\/users\/1"}],"replies":[{"embeddable":true,"href":"https:\/\/isfp.cz\/2023\/cs\/wp-json\/wp\/v2\/comments?post=142"}],"version-history":[{"count":2,"href":"https:\/\/isfp.cz\/2023\/cs\/wp-json\/wp\/v2\/pages\/142\/revisions"}],"predecessor-version":[{"id":144,"href":"https:\/\/isfp.cz\/2023\/cs\/wp-json\/wp\/v2\/pages\/142\/revisions\/144"}],"up":[{"embeddable":true,"href":"https:\/\/isfp.cz\/2023\/cs\/wp-json\/wp\/v2\/pages\/147"}],"wp:featuredmedia":[{"embeddable":true,"href":"https:\/\/isfp.cz\/2023\/cs\/wp-json\/wp\/v2\/media\/140"}],"wp:attachment":[{"href":"https:\/\/isfp.cz\/2023\/cs\/wp-json\/wp\/v2\/media?parent=142"}],"curies":[{"name":"wp","href":"https:\/\/api.w.org\/{rel}","templated":true}]}}