{"id":135,"date":"2022-10-31T12:34:13","date_gmt":"2022-10-31T11:34:13","guid":{"rendered":"https:\/\/isfp.cz\/2023\/?page_id=135"},"modified":"2022-10-31T12:49:07","modified_gmt":"2022-10-31T11:49:07","slug":"podporte-nas","status":"publish","type":"page","link":"https:\/\/isfp.cz\/2023\/cs\/darcovstvi-a-clenstvi\/podporte-nas\/","title":{"rendered":"Podpo\u0159te n\u00e1s"},"content":{"rendered":"<h5>Darujte a podpo\u0159te tak r\u016fst komunity<\/h5>\n<p>ISFP poskytuje hudebn\u00ed mistrovsk\u00e9 kurzy, workshopy a koncerty mezin\u00e1rodn\u00edch um\u011blc\u016f za velmi p\u0159\u00edzniv\u00e9 ceny. Pouze d\u00edky na\u0161im velkorys\u00fdm podporovatel\u016fm, d\u00e1rc\u016fm a partner\u016fm dok\u00e1\u017eeme nab\u00eddnout talent, odborn\u00e9 znalosti a v\u00e1\u0161e\u0148 v tak velk\u00e9 m\u00ed\u0159e.<\/p>\n<p>V\u00e1\u0161 finan\u010dn\u00ed dar n\u00e1m pom\u00e1h\u00e1 pokra\u010dovat a zlep\u0161it to, co d\u011bl\u00e1me. Pom\u00e1h\u00e1 i finan\u010dn\u011b znev\u00fdhodn\u011bn\u00fdm \u010dlen\u016fm mezin\u00e1rodn\u00ed japonsk\u00e9 hudebn\u00ed komunity, aby se mohli z\u00fa\u010dastnit ISFP. Dal\u0161\u00ed informace naleznete v sekci <a href=\"https:\/\/isfp.cz\/2023\/cs\/darcovstvi-a-clenstvi\/isfp-stipendia\/\">ISFP Stipendia<\/a>.<\/p>\n<h5>Bankovn\u00ed \u00fa\u010det pro Finan\u010dn\u00ed dary<\/h5>\n<p>\u010c\u00edslo \u00fa\u010dtu: 219832469\/0600<br \/>\nIBAN: CZ 1106000000000219832469<br \/>\nSwift code: AGBACZPP<\/p>\n<h5>P\u0159isp\u011bjte na studijn\u00ed materi\u00e1ly &amp; cvi\u010dn\u00e9 n\u00e1stroje<\/h5>\n<p>Sna\u017e\u00edme se \u0161\u00ed\u0159it porozum\u011bn\u00ed a l\u00e1sku k japonsk\u00e9 hudb\u011b a n\u00e1stroj\u016fm. P\u0159\u00edsp\u011bvky n\u00e1m pom\u00e1haj\u00ed zajistit cvi\u010dn\u00e9 n\u00e1stroje, studijn\u00ed materi\u00e1ly, publikace atd., kter\u00e9 ocen\u00ed v\u0161ichni dychtiv\u00ed a zv\u011bdav\u00ed lid\u00e9, kte\u0159\u00ed na n\u00e1\u0161 festival p\u0159ijdou. <a href=\"mailto:info@neiro.org?subject=P\u0159\u00edsp\u011bvek pro ISFP\">Pros\u00edm kontaktujte n\u00e1s!<\/a><\/p>\n","protected":false},"excerpt":{"rendered":"<p>Darujte a podpo\u0159te tak r\u016fst komunity ISFP poskytuje hudebn\u00ed mistrovsk\u00e9 kurzy, workshopy a koncerty mezin\u00e1rodn\u00edch um\u011blc\u016f za velmi p\u0159\u00edzniv\u00e9 ceny. Pouze d\u00edky na\u0161im velkorys\u00fdm podporovatel\u016fm, d\u00e1rc\u016fm a partner\u016fm dok\u00e1\u017eeme nab\u00eddnout talent, odborn\u00e9 znalosti a v\u00e1\u0161e\u0148 v tak velk\u00e9 m\u00ed\u0159e. V\u00e1\u0161 finan\u010dn\u00ed dar n\u00e1m pom\u00e1h\u00e1 pokra\u010dovat a zlep\u0161it to, co d\u011bl\u00e1me. Pom\u00e1h\u00e1 i finan\u010dn\u011b znev\u00fdhodn\u011bn\u00fdm \u010dlen\u016fm&#8230;<\/p>\n","protected":false},"author":1,"featured_media":133,"parent":147,"menu_order":3,"comment_status":"closed","ping_status":"closed","template":"","meta":{"inline_featured_image":false,"_wp_rev_ctl_limit":""},"_links":{"self":[{"href":"https:\/\/isfp.cz\/2023\/cs\/wp-json\/wp\/v2\/pages\/135"}],"collection":[{"href":"https:\/\/isfp.cz\/2023\/cs\/wp-json\/wp\/v2\/pages"}],"about":[{"href":"https:\/\/isfp.cz\/2023\/cs\/wp-json\/wp\/v2\/types\/page"}],"author":[{"embeddable":true,"href":"https:\/\/isfp.cz\/2023\/cs\/wp-json\/wp\/v2\/users\/1"}],"replies":[{"embeddable":true,"href":"https:\/\/isfp.cz\/2023\/cs\/wp-json\/wp\/v2\/comments?post=135"}],"version-history":[{"count":2,"href":"https:\/\/isfp.cz\/2023\/cs\/wp-json\/wp\/v2\/pages\/135\/revisions"}],"predecessor-version":[{"id":149,"href":"https:\/\/isfp.cz\/2023\/cs\/wp-json\/wp\/v2\/pages\/135\/revisions\/149"}],"up":[{"embeddable":true,"href":"https:\/\/isfp.cz\/2023\/cs\/wp-json\/wp\/v2\/pages\/147"}],"wp:featuredmedia":[{"embeddable":true,"href":"https:\/\/isfp.cz\/2023\/cs\/wp-json\/wp\/v2\/media\/133"}],"wp:attachment":[{"href":"https:\/\/isfp.cz\/2023\/cs\/wp-json\/wp\/v2\/media?parent=135"}],"curies":[{"name":"wp","href":"https:\/\/api.w.org\/{rel}","templated":true}]}}