{"id":111,"date":"2022-10-31T12:09:32","date_gmt":"2022-10-31T11:09:32","guid":{"rendered":"https:\/\/isfp.cz\/2023\/press-media\/"},"modified":"2022-11-01T01:01:30","modified_gmt":"2022-11-01T00:01:30","slug":"tisk-media","status":"publish","type":"page","link":"https:\/\/isfp.cz\/2023\/cs\/tisk-media\/","title":{"rendered":"Tisk &#038; M\u00e9dia"},"content":{"rendered":"<p>V\u00e1\u017een\u00ed novin\u00e1\u0159i, va\u0161e dotazy sm\u011b\u0159ujte na kontakt uveden\u00fd n\u00ed\u017ee.<\/p>\n<h4>PR &amp; PRESS SERVICE<\/h4>\n<p><strong>Ond\u0159ej Tengler<\/strong><br \/>\nT: +420 737 503 252<br \/>\n<a href=\"mailto:ondrej.tengler@rubikonpr.cz\">ondrej.tengler@rubikonpr.cz<\/a><\/p>\n","protected":false},"excerpt":{"rendered":"<p>V\u00e1\u017een\u00ed novin\u00e1\u0159i, va\u0161e dotazy sm\u011b\u0159ujte na kontakt uveden\u00fd n\u00ed\u017ee. PR &amp; PRESS SERVICE Ond\u0159ej Tengler T: +420 737 503 252 ondrej.tengler@rubikonpr.cz<\/p>\n","protected":false},"author":1,"featured_media":108,"parent":0,"menu_order":0,"comment_status":"closed","ping_status":"closed","template":"","meta":{"inline_featured_image":false,"_wp_rev_ctl_limit":""},"_links":{"self":[{"href":"https:\/\/isfp.cz\/2023\/cs\/wp-json\/wp\/v2\/pages\/111"}],"collection":[{"href":"https:\/\/isfp.cz\/2023\/cs\/wp-json\/wp\/v2\/pages"}],"about":[{"href":"https:\/\/isfp.cz\/2023\/cs\/wp-json\/wp\/v2\/types\/page"}],"author":[{"embeddable":true,"href":"https:\/\/isfp.cz\/2023\/cs\/wp-json\/wp\/v2\/users\/1"}],"replies":[{"embeddable":true,"href":"https:\/\/isfp.cz\/2023\/cs\/wp-json\/wp\/v2\/comments?post=111"}],"version-history":[{"count":2,"href":"https:\/\/isfp.cz\/2023\/cs\/wp-json\/wp\/v2\/pages\/111\/revisions"}],"predecessor-version":[{"id":238,"href":"https:\/\/isfp.cz\/2023\/cs\/wp-json\/wp\/v2\/pages\/111\/revisions\/238"}],"wp:featuredmedia":[{"embeddable":true,"href":"https:\/\/isfp.cz\/2023\/cs\/wp-json\/wp\/v2\/media\/108"}],"wp:attachment":[{"href":"https:\/\/isfp.cz\/2023\/cs\/wp-json\/wp\/v2\/media?parent=111"}],"curies":[{"name":"wp","href":"https:\/\/api.w.org\/{rel}","templated":true}]}}