{"id":101,"date":"2022-10-31T04:31:28","date_gmt":"2022-10-31T03:31:28","guid":{"rendered":"https:\/\/isfp.cz\/2023\/?page_id=101"},"modified":"2023-02-20T15:21:09","modified_gmt":"2023-02-20T14:21:09","slug":"o-nas","status":"publish","type":"page","link":"https:\/\/isfp.cz\/2023\/cs\/o-nas\/","title":{"rendered":"O n\u00e1s"},"content":{"rendered":"<p>International Shakuhachi Festival Prague zalo\u017eil v roce 2006 skladatel a etnomuzikolog Doc. Vlastislav Matou\u0161ek Ph.D., profesion\u00e1ln\u00ed hr\u00e1\u010d na shakuhachi Christopher Yohmei Blasdel a\u00a0 filma\u0159 a hr\u00e1\u010d na shakuhachi Marek Matvija. Jejich my\u0161lenky a v\u00e1\u0161n\u011b, kter\u00e9 p\u0159eklenuj\u00ed zvuk, duchovnost a nov\u00e1 m\u00e9dia, nad\u00e1le utv\u00e1\u0159ej\u00ed sou\u010dasnou tv\u00e1\u0159 festivalu.<\/p>\n<p>Festival uv\u00e1d\u00ed nejkvalitn\u011bj\u0161\u00ed tradi\u010dn\u00ed japonskou hudbu, premi\u00e9ry a nov\u00e9 skladby \u010desk\u00fdch a mezin\u00e1rodn\u00edch skladatel\u016f, zkoum\u00e1n\u00edm nov\u00e9 mo\u017enosti japonsk\u00fdch n\u00e1stroj\u016f v improvizovan\u00e9 hudb\u011b a multi\u017e\u00e1nrov\u00fdch um\u011bleck\u00fdch projektech, \u010d\u00edm\u017e si z\u00edskal svou vynikaj\u00edc\u00ed reputaci.<\/p>\n<p>Festivalu v minulosti p\u0159edstavil hv\u011bzdn\u00e9 um\u011blcejako Mitsuhashi Kifu, Dozan Fujiwara, Shodo Sakai, Kuniyoshi Sugawara, Zenyoji Keisuke, Sato Kikuko, Pamelia Kurstin, Shuto Kumiko, Slavek Kwi, Amit Chatterjee, Akira Matsui, Takahashi Ryudo a mnoho dal\u0161\u00edch.<\/p>\n<p>ISFP za\u010d\u00ednal v roce 2007 ve studiu j\u00f3gy a na n\u011bkolika dal\u0161\u00edch mal\u00fdch m\u00edstech a postupn\u011b se p\u0159esunul do s\u00e1l\u016f Akademie m\u00fazick\u00fdch um\u011bn\u00ed (HAMU). D\u00edky p\u0159\u00e1telstv\u00ed a sd\u00edlen\u00e9 v\u00e1\u0161ni pro japonsk\u00e9 n\u00e1stroje festival ka\u017edoro\u010dn\u011b roste a spojuje obyvatele Evropy a cel\u00e9ho sv\u011bta a t\u011b\u0161\u00ed se spolupr\u00e1ci s p\u0159edn\u00edmi um\u011bleck\u00fdmi institucemi a agenturami v zemi.<\/p>\n<p>V roce 2010 se festival spojil s European Shakuhachi Society a v tomto partnerstv\u00ed jsme uspo\u0159\u00e1dali The European Shakuhachi Festival, kter\u00fd byl doposud nejv\u011bt\u0161\u00ed shakuhachi akc\u00ed v Evrop\u011b. Od t\u00e9 doby je Praha jedn\u00edm z nejd\u016fle\u017eit\u011bj\u0161\u00edch center japonsk\u00e9 hudby na sv\u011bt\u011b.<\/p>\n<p>K 10. v\u00fdro\u010d\u00ed festivalu v roce 2016 jsme spole\u010dn\u011b s festivalem Pra\u017esk\u00e9 jaro, Symfonick\u00fdm orchestrem Pra\u017esk\u00e9ho rozhlasu, N\u00e1rodn\u00ed galeri\u00ed, N\u00e1rodn\u00edm filmov\u00fdm archivem, Orchestrem BERG, N\u00e1rodn\u00edm divadlem, Japan Foundation, Ministerstvem kultury \u010cesk\u00e9 republiky a n\u011bkolika dal\u0161\u00edmi v\u00fdznamn\u00fdmi kulturn\u00edmi institucemi uvedli na ISFP vrchol japonsk\u00e9 sou\u010dasn\u00e9 a tradi\u010dn\u00ed hudby.<\/p>\n<p>V roce 2017 p\u0159evzalo NEIRO Association for Expanding Arts (zastoupen\u00e1 Markem Matvijou) po\u0159\u00e1d\u00e1n\u00ed festivalu od 108 Hz (zastoupen\u00e1 Vlastislavem Matou\u0161kem). Festival se nyn\u00ed kon\u00e1 jednou za dva roky: p\u0159\u00ed\u0161t\u00ed term\u00edn kon\u00e1n\u00ed ISFP je stanoven na \u010derven 2023.<\/p>\n<h3>Christopher Yohmei Blasdel o vzniku festivalu:<\/h3>\n<p><em>Jednoho hork\u00e9ho letn\u00edho ve\u010dera roku 1996 jsme se s Vlastislavem Matou\u0161kem setkali v zelen\u00e9m p\u0159edm\u011bst\u00ed Tokia, abychom diskutovali o hudb\u011b shakuhachi. Inspirovalo m\u011b Vlastislavovo intenzivn\u00ed odhodl\u00e1n\u00ed. Pozorn\u011b jsem naslouchal jeho p\u0159\u00edb\u011bh\u016fm o mnoh\u00fdch p\u0159ek\u00e1\u017ek\u00e1ch, kter\u00fdm \u010delil, kdy\u017e se pokou\u0161el nau\u010dit se h\u0159e na tento n\u00e1stroj ve sv\u00e9 domovsk\u00e9 zemi. Vlastislav dosp\u00edval b\u011bhem komunistick\u00e9ho re\u017eimu, v dob\u011b extr\u00e9mn\u011b mal\u00e9 um\u011bleck\u00e9 nebo vzd\u011bl\u00e1vac\u00ed svobody. Jako student se velmi zaj\u00edmal o asijskou hudbu. V Praze bylo jen m\u00e1lo p\u0159\u00edle\u017eitost\u00ed ke studiu a bylo pro n\u011bj nemo\u017en\u00e9 opustit zemi, proto\u017ee byl jednou v\u011bzn\u011bn za sd\u00edlen\u00ed satirick\u00fdch b\u00e1sn\u00ed o tehdej\u0161\u00ed vl\u00e1d\u011b. Po p\u00e1du komunismu mohl kone\u010dn\u011b zemi opustit, ale pro hudebn\u00edky nebyly k dispozici finance na cesty do zahrani\u010d\u00ed. A\u017e Grant od Japan Foundation umo\u017enil Vlastislavovi vycestovat do Japonska, jeho mekky, a tak kone\u010dn\u011b studovat shakuhachi.<\/em><\/p>\n<p><em>Za doprovodu bou\u0159liv\u00e9ho zp\u011bvu cik\u00e1d, kter\u00fd se sn\u00e1\u0161el z okoln\u00edch strom\u016f, se n\u00e1hle odml\u010del, aby naslouchal. A jako by inspirov\u00e1n jejich zvukem se ke mn\u011b obr\u00e1til a \u0159ekl: \u201eUspo\u0159\u00e1dejme n\u011bkdy mezin\u00e1rodn\u00ed shakuhachi akci v \u010cesk\u00e9 republice.\u201c My\u0161lenka na starod\u00e1vn\u00fd japonsk\u00fd n\u00e1stroj, kter\u00fd zn\u011bl ve starobyl\u00e9m evropsk\u00e9m m\u011bst\u011b, byla velmi zaj\u00edmav\u00e1, ale v t\u00e9 dob\u011b jsem nem\u011bl tu\u0161en\u00ed, jak takov\u00fd pl\u00e1n uskute\u010dnit.<\/em><\/p>\n<p><em>O sedm let pozd\u011bji v roce 2003, kdy\u017e jsem byl pozv\u00e1n do Budape\u0161ti, abych vystoupil na ka\u017edoro\u010dn\u00edm hudebn\u00edm festivalu Budape\u0161\u0165sk\u00e9 jaro, jsem si vzpomn\u011bl na Vlastislav\u016fv sen. Z Budape\u0161ti se dalo snadno zastavit v Praze. Vlastislav uspo\u0159\u00e1dal mal\u00fd workshop a n\u011bkolik koncert\u016f, a zasadil tak sem\u00ednka n\u011b\u010deho v\u011bt\u0161\u00edho. Dal\u0161\u00ed pra\u017esk\u00e9 shakuhachi setk\u00e1n\u00ed se konalo v roce 2006 a do roku 2007 jsme ji\u017e m\u011bli z\u00e1klady festivalu.<\/em><\/p>\n<p><em>A v\u0161echno to za\u010dalo za poslechu hmyzu jednoho letn\u00edho ve\u010dera v Tokiu.<\/em><\/p>\n<p><strong>V leto\u0161n\u00edm roce si p\u0159ipom\u00edn\u00e1me 14. v\u00fdro\u010d\u00ed International Shakuhachi Festival Prague.<\/strong><\/p>\n","protected":false},"excerpt":{"rendered":"<p>International Shakuhachi Festival Prague zalo\u017eil v roce 2006 skladatel a etnomuzikolog Doc. Vlastislav Matou\u0161ek Ph.D., profesion\u00e1ln\u00ed hr\u00e1\u010d na shakuhachi Christopher Yohmei Blasdel a\u00a0 filma\u0159 a hr\u00e1\u010d na shakuhachi Marek Matvija. Jejich my\u0161lenky a v\u00e1\u0161n\u011b, kter\u00e9 p\u0159eklenuj\u00ed zvuk, duchovnost a nov\u00e1 m\u00e9dia, nad\u00e1le utv\u00e1\u0159ej\u00ed sou\u010dasnou tv\u00e1\u0159 festivalu. Festival uv\u00e1d\u00ed nejkvalitn\u011bj\u0161\u00ed tradi\u010dn\u00ed japonskou hudbu, premi\u00e9ry a nov\u00e9&#8230;<\/p>\n","protected":false},"author":1,"featured_media":98,"parent":0,"menu_order":0,"comment_status":"closed","ping_status":"closed","template":"","meta":{"inline_featured_image":false,"_wp_rev_ctl_limit":""},"_links":{"self":[{"href":"https:\/\/isfp.cz\/2023\/cs\/wp-json\/wp\/v2\/pages\/101"}],"collection":[{"href":"https:\/\/isfp.cz\/2023\/cs\/wp-json\/wp\/v2\/pages"}],"about":[{"href":"https:\/\/isfp.cz\/2023\/cs\/wp-json\/wp\/v2\/types\/page"}],"author":[{"embeddable":true,"href":"https:\/\/isfp.cz\/2023\/cs\/wp-json\/wp\/v2\/users\/1"}],"replies":[{"embeddable":true,"href":"https:\/\/isfp.cz\/2023\/cs\/wp-json\/wp\/v2\/comments?post=101"}],"version-history":[{"count":3,"href":"https:\/\/isfp.cz\/2023\/cs\/wp-json\/wp\/v2\/pages\/101\/revisions"}],"predecessor-version":[{"id":454,"href":"https:\/\/isfp.cz\/2023\/cs\/wp-json\/wp\/v2\/pages\/101\/revisions\/454"}],"wp:featuredmedia":[{"embeddable":true,"href":"https:\/\/isfp.cz\/2023\/cs\/wp-json\/wp\/v2\/media\/98"}],"wp:attachment":[{"href":"https:\/\/isfp.cz\/2023\/cs\/wp-json\/wp\/v2\/media?parent=101"}],"curies":[{"name":"wp","href":"https:\/\/api.w.org\/{rel}","templated":true}]}}